{"id":7,"date":"2021-11-21T04:37:24","date_gmt":"2021-11-21T07:37:24","guid":{"rendered":"https:\/\/db.tec.br\/en\/?page_id=7"},"modified":"2022-03-18T14:14:33","modified_gmt":"2022-03-18T17:14:33","slug":"home","status":"publish","type":"page","link":"https:\/\/db.tec.br\/en\/","title":{"rendered":"Home"},"content":{"rendered":"","protected":false},"excerpt":{"rendered":"","protected":false},"author":1,"featured_media":0,"parent":0,"menu_order":0,"comment_status":"closed","ping_status":"closed","template":"page-home.php","meta":{"_acf_changed":false,"footnotes":""},"class_list":["post-7","page","type-page","status-publish","hentry"],"acf":[],"yoast_head":"<!-- This site is optimized with the Yoast SEO plugin v24.8 - https:\/\/yoast.com\/wordpress\/plugins\/seo\/ -->\n<title>DB - Design, Build, Inova\u00e7\u00e3o<\/title>\n<meta name=\"description\" content=\"Somos especialistas em auxiliar organiza\u00e7\u00f5es na transforma\u00e7\u00e3o digital para entender melhor o problema e encontrar as melhores solu\u00e7\u00f5es, fazendo a coisa certa do jeito certo. Somos uma empresa de design, constru\u00e7\u00e3o e sustenta\u00e7\u00e3o de produtos digitais. Entregamos valor fazendo a coisa certa, do jeito certo.\" \/>\n<meta name=\"robots\" content=\"index, follow, max-snippet:-1, max-image-preview:large, max-video-preview:-1\" \/>\n<link rel=\"canonical\" href=\"https:\/\/db.tec.br\/en\/\" \/>\n<meta property=\"og:locale\" content=\"pt_BR\" \/>\n<meta property=\"og:type\" content=\"article\" \/>\n<meta property=\"og:title\" content=\"DB - Design, Build, Inova\u00e7\u00e3o\" \/>\n<meta property=\"og:description\" content=\"Somos especialistas em auxiliar organiza\u00e7\u00f5es na transforma\u00e7\u00e3o digital para entender melhor o problema e encontrar as melhores solu\u00e7\u00f5es, fazendo a coisa certa do jeito certo. Somos uma empresa de design, constru\u00e7\u00e3o e sustenta\u00e7\u00e3o de produtos digitais. Entregamos valor fazendo a coisa certa, do jeito certo.\" \/>\n<meta property=\"og:url\" content=\"https:\/\/db.tec.br\/en\/\" \/>\n<meta property=\"og:site_name\" content=\"DB\" \/>\n<meta property=\"article:modified_time\" content=\"2022-03-18T17:14:33+00:00\" \/>\n<meta name=\"twitter:card\" content=\"summary_large_image\" \/>\n<script type=\"application\/ld+json\" class=\"yoast-schema-graph\">{\"@context\":\"https:\/\/schema.org\",\"@graph\":[{\"@type\":\"WebPage\",\"@id\":\"https:\/\/db.tec.br\/en\/\",\"url\":\"https:\/\/db.tec.br\/en\/\",\"name\":\"DB - Design, Build, Inova\u00e7\u00e3o\",\"isPartOf\":{\"@id\":\"https:\/\/db.tec.br\/en\/#website\"},\"datePublished\":\"2021-11-21T07:37:24+00:00\",\"dateModified\":\"2022-03-18T17:14:33+00:00\",\"description\":\"Somos especialistas em auxiliar organiza\u00e7\u00f5es na transforma\u00e7\u00e3o digital para entender melhor o problema e encontrar as melhores solu\u00e7\u00f5es, fazendo a coisa certa do jeito certo. Somos uma empresa de design, constru\u00e7\u00e3o e sustenta\u00e7\u00e3o de produtos digitais. Entregamos valor fazendo a coisa certa, do jeito certo.\",\"inLanguage\":\"pt-BR\",\"potentialAction\":[{\"@type\":\"ReadAction\",\"target\":[\"https:\/\/db.tec.br\/en\/\"]}]},{\"@type\":\"WebSite\",\"@id\":\"https:\/\/db.tec.br\/en\/#website\",\"url\":\"https:\/\/db.tec.br\/en\/\",\"name\":\"DB\",\"description\":\"\",\"potentialAction\":[{\"@type\":\"SearchAction\",\"target\":{\"@type\":\"EntryPoint\",\"urlTemplate\":\"https:\/\/db.tec.br\/en\/?s={search_term_string}\"},\"query-input\":{\"@type\":\"PropertyValueSpecification\",\"valueRequired\":true,\"valueName\":\"search_term_string\"}}],\"inLanguage\":\"pt-BR\"}]}<\/script>\n<!-- \/ Yoast SEO plugin. -->","yoast_head_json":{"title":"DB - Design, Build, Inova\u00e7\u00e3o","description":"Somos especialistas em auxiliar organiza\u00e7\u00f5es na transforma\u00e7\u00e3o digital para entender melhor o problema e encontrar as melhores solu\u00e7\u00f5es, fazendo a coisa certa do jeito certo. Somos uma empresa de design, constru\u00e7\u00e3o e sustenta\u00e7\u00e3o de produtos digitais. Entregamos valor fazendo a coisa certa, do jeito certo.","robots":{"index":"index","follow":"follow","max-snippet":"max-snippet:-1","max-image-preview":"max-image-preview:large","max-video-preview":"max-video-preview:-1"},"canonical":"https:\/\/db.tec.br\/en\/","og_locale":"pt_BR","og_type":"article","og_title":"DB - Design, Build, Inova\u00e7\u00e3o","og_description":"Somos especialistas em auxiliar organiza\u00e7\u00f5es na transforma\u00e7\u00e3o digital para entender melhor o problema e encontrar as melhores solu\u00e7\u00f5es, fazendo a coisa certa do jeito certo. Somos uma empresa de design, constru\u00e7\u00e3o e sustenta\u00e7\u00e3o de produtos digitais. Entregamos valor fazendo a coisa certa, do jeito certo.","og_url":"https:\/\/db.tec.br\/en\/","og_site_name":"DB","article_modified_time":"2022-03-18T17:14:33+00:00","twitter_card":"summary_large_image","schema":{"@context":"https:\/\/schema.org","@graph":[{"@type":"WebPage","@id":"https:\/\/db.tec.br\/en\/","url":"https:\/\/db.tec.br\/en\/","name":"DB - Design, Build, Inova\u00e7\u00e3o","isPartOf":{"@id":"https:\/\/db.tec.br\/en\/#website"},"datePublished":"2021-11-21T07:37:24+00:00","dateModified":"2022-03-18T17:14:33+00:00","description":"Somos especialistas em auxiliar organiza\u00e7\u00f5es na transforma\u00e7\u00e3o digital para entender melhor o problema e encontrar as melhores solu\u00e7\u00f5es, fazendo a coisa certa do jeito certo. Somos uma empresa de design, constru\u00e7\u00e3o e sustenta\u00e7\u00e3o de produtos digitais. Entregamos valor fazendo a coisa certa, do jeito certo.","inLanguage":"pt-BR","potentialAction":[{"@type":"ReadAction","target":["https:\/\/db.tec.br\/en\/"]}]},{"@type":"WebSite","@id":"https:\/\/db.tec.br\/en\/#website","url":"https:\/\/db.tec.br\/en\/","name":"DB","description":"","potentialAction":[{"@type":"SearchAction","target":{"@type":"EntryPoint","urlTemplate":"https:\/\/db.tec.br\/en\/?s={search_term_string}"},"query-input":{"@type":"PropertyValueSpecification","valueRequired":true,"valueName":"search_term_string"}}],"inLanguage":"pt-BR"}]}},"_links":{"self":[{"href":"https:\/\/db.tec.br\/en\/wp-json\/wp\/v2\/pages\/7","targetHints":{"allow":["GET"]}}],"collection":[{"href":"https:\/\/db.tec.br\/en\/wp-json\/wp\/v2\/pages"}],"about":[{"href":"https:\/\/db.tec.br\/en\/wp-json\/wp\/v2\/types\/page"}],"author":[{"embeddable":true,"href":"https:\/\/db.tec.br\/en\/wp-json\/wp\/v2\/users\/1"}],"replies":[{"embeddable":true,"href":"https:\/\/db.tec.br\/en\/wp-json\/wp\/v2\/comments?post=7"}],"version-history":[{"count":3,"href":"https:\/\/db.tec.br\/en\/wp-json\/wp\/v2\/pages\/7\/revisions"}],"predecessor-version":[{"id":1168,"href":"https:\/\/db.tec.br\/en\/wp-json\/wp\/v2\/pages\/7\/revisions\/1168"}],"wp:attachment":[{"href":"https:\/\/db.tec.br\/en\/wp-json\/wp\/v2\/media?parent=7"}],"curies":[{"name":"wp","href":"https:\/\/api.w.org\/{rel}","templated":true}]}}